{"id":2238,"date":"2026-02-04T19:51:52","date_gmt":"2026-02-04T18:51:52","guid":{"rendered":"https:\/\/ceramix.testmoixo.net\/producto\/tuca-beige\/"},"modified":"2026-03-04T17:52:53","modified_gmt":"2026-03-04T16:52:53","slug":"tuca-beige","status":"publish","type":"product","link":"https:\/\/ceramix.testmoixo.net\/ca\/producto\/tuca-beige\/","title":{"rendered":"Tuca Beige"},"content":{"rendered":"<p>El disseny del Tuca Beige recrea una pedra molt exclusiva origin\u00e0ria de la regi\u00f3 de Lucca (Toscana, It\u00e0lia), concretament de Villa Collemandina. Es tracta d&#8217;una superf\u00edcie d&#8217;aspecte petri amb vetes blanques subtils que li atorguen un aire noble i atemporal.<\/p>\n","protected":false},"excerpt":{"rendered":"<p>El disseny del Tuca Beige recrea una pedra molt exclusiva origin\u00e0ria de la regi\u00f3 de Lucca (Toscana, It\u00e0lia), concretament de Villa Collemandina. Es tracta d&#8217;una superf\u00edcie d&#8217;aspecte petri amb vetes blanques subtils que li atorguen un aire noble i atemporal.<\/p>\n","protected":false},"featured_media":2235,"comment_status":"open","ping_status":"closed","template":"","meta":[],"product_brand":[],"product_cat":[127],"product_tag":[],"estilo-visual":[170],"coleccion":[],"material":[211],"formato":[206],"rectificado":[33],"antideslizante":[214],"calidad":[208],"uso":[128,130],"color":[158],"clasificacion":[190],"acabado":[117],"etiqueta-destacada":[164,165],"class_list":{"0":"post-2238","1":"product","2":"type-product","3":"status-publish","4":"has-post-thumbnail","6":"product_cat-revestiments","7":"estilo-visual-pedra","8":"material-pasta-blanca","9":"formato-33x100","10":"rectificado-si","11":"antideslizante-no","12":"calidad-st","13":"uso-interior","14":"uso-paret","15":"color-beix","16":"clasificacion-disponibilitat-immediata","17":"acabado-mate","18":"etiqueta-destacada-oferta","19":"etiqueta-destacada-ultimes-unitats","21":"first","22":"instock","23":"sale","24":"shipping-taxable","25":"purchasable","26":"product-type-simple"},"yoast_head":"<!-- This site is optimized with the Yoast SEO plugin v27.4 - https:\/\/yoast.com\/product\/yoast-seo-wordpress\/ -->\n<title>Tuca Beige - Ceramix<\/title>\n<meta name=\"description\" content=\"Cat\u00e1logo y stocks de gres porcel\u00e1nico e interiorismo.\" \/>\n<meta name=\"robots\" content=\"noindex, follow, max-snippet:-1, max-image-preview:large, max-video-preview:-1\" \/>\n<meta property=\"og:locale\" content=\"ca_ES\" \/>\n<meta property=\"og:type\" content=\"article\" \/>\n<meta property=\"og:title\" content=\"Tuca Beige - Ceramix\" \/>\n<meta property=\"og:description\" content=\"Cat\u00e1logo y stocks de gres porcel\u00e1nico e interiorismo.\" \/>\n<meta property=\"og:url\" content=\"https:\/\/ceramix.testmoixo.net\/ca\/producto\/tuca-beige\/\" \/>\n<meta property=\"og:site_name\" content=\"Ceramix\" \/>\n<meta property=\"article:publisher\" content=\"https:\/\/www.facebook.com\/ceramix.sbd\" \/>\n<meta property=\"article:modified_time\" content=\"2026-03-04T16:52:53+00:00\" \/>\n<meta property=\"og:image\" content=\"https:\/\/ceramix.es\/wp-content\/uploads\/2026\/02\/ambiente-21-scaled.webp\" \/>\n\t<meta property=\"og:image:width\" content=\"1920\" \/>\n\t<meta property=\"og:image:height\" content=\"1072\" \/>\n\t<meta property=\"og:image:type\" content=\"image\/webp\" \/>\n<meta name=\"twitter:card\" content=\"summary_large_image\" \/>\n<script type=\"application\/ld+json\" class=\"yoast-schema-graph\">{\"@context\":\"https:\\\/\\\/schema.org\",\"@graph\":[{\"@type\":\"WebPage\",\"@id\":\"https:\\\/\\\/ceramix.testmoixo.net\\\/ca\\\/producto\\\/tuca-beige\\\/\",\"url\":\"https:\\\/\\\/ceramix.testmoixo.net\\\/ca\\\/producto\\\/tuca-beige\\\/\",\"name\":\"Tuca Beige - Ceramix\",\"isPartOf\":{\"@id\":\"https:\\\/\\\/ceramix.testmoixo.net\\\/ca\\\/#website\"},\"primaryImageOfPage\":{\"@id\":\"https:\\\/\\\/ceramix.testmoixo.net\\\/ca\\\/producto\\\/tuca-beige\\\/#primaryimage\"},\"image\":{\"@id\":\"https:\\\/\\\/ceramix.testmoixo.net\\\/ca\\\/producto\\\/tuca-beige\\\/#primaryimage\"},\"thumbnailUrl\":\"https:\\\/\\\/ceramix.testmoixo.net\\\/wp-content\\\/uploads\\\/2026\\\/02\\\/ambiente-21-scaled.webp\",\"datePublished\":\"2026-02-04T18:51:52+00:00\",\"dateModified\":\"2026-03-04T16:52:53+00:00\",\"description\":\"Cat\u00e1logo y stocks de gres porcel\u00e1nico e interiorismo.\",\"breadcrumb\":{\"@id\":\"https:\\\/\\\/ceramix.testmoixo.net\\\/ca\\\/producto\\\/tuca-beige\\\/#breadcrumb\"},\"inLanguage\":\"ca\",\"potentialAction\":[{\"@type\":\"ReadAction\",\"target\":[\"https:\\\/\\\/ceramix.testmoixo.net\\\/ca\\\/producto\\\/tuca-beige\\\/\"]}]},{\"@type\":\"ImageObject\",\"inLanguage\":\"ca\",\"@id\":\"https:\\\/\\\/ceramix.testmoixo.net\\\/ca\\\/producto\\\/tuca-beige\\\/#primaryimage\",\"url\":\"https:\\\/\\\/ceramix.testmoixo.net\\\/wp-content\\\/uploads\\\/2026\\\/02\\\/ambiente-21-scaled.webp\",\"contentUrl\":\"https:\\\/\\\/ceramix.testmoixo.net\\\/wp-content\\\/uploads\\\/2026\\\/02\\\/ambiente-21-scaled.webp\",\"width\":1920,\"height\":1072},{\"@type\":\"BreadcrumbList\",\"@id\":\"https:\\\/\\\/ceramix.testmoixo.net\\\/ca\\\/producto\\\/tuca-beige\\\/#breadcrumb\",\"itemListElement\":[{\"@type\":\"ListItem\",\"position\":1,\"name\":\"Ceramix\",\"item\":\"https:\\\/\\\/ceramix.es\\\/ca\\\/ceramix\\\/\"},{\"@type\":\"ListItem\",\"position\":2,\"name\":\"Cat\u00e0leg de productes\",\"item\":\"https:\\\/\\\/ceramix.es\\\/ca\\\/cataleg-de-productes\\\/\"},{\"@type\":\"ListItem\",\"position\":3,\"name\":\"Tuca Beige\"}]},{\"@type\":\"WebSite\",\"@id\":\"https:\\\/\\\/ceramix.testmoixo.net\\\/ca\\\/#website\",\"url\":\"https:\\\/\\\/ceramix.testmoixo.net\\\/ca\\\/\",\"name\":\"Ceramix\",\"description\":\"Cat\u00e1logo y stocks de gres porcel\u00e1nico e interiorismo.\",\"publisher\":{\"@id\":\"https:\\\/\\\/ceramix.testmoixo.net\\\/ca\\\/#organization\"},\"potentialAction\":[{\"@type\":\"SearchAction\",\"target\":{\"@type\":\"EntryPoint\",\"urlTemplate\":\"https:\\\/\\\/ceramix.testmoixo.net\\\/ca\\\/?s={search_term_string}\"},\"query-input\":{\"@type\":\"PropertyValueSpecification\",\"valueRequired\":true,\"valueName\":\"search_term_string\"}}],\"inLanguage\":\"ca\"},{\"@type\":\"Organization\",\"@id\":\"https:\\\/\\\/ceramix.testmoixo.net\\\/ca\\\/#organization\",\"name\":\"Ceramix\",\"url\":\"https:\\\/\\\/ceramix.testmoixo.net\\\/ca\\\/\",\"logo\":{\"@type\":\"ImageObject\",\"inLanguage\":\"ca\",\"@id\":\"https:\\\/\\\/ceramix.testmoixo.net\\\/ca\\\/#\\\/schema\\\/logo\\\/image\\\/\",\"url\":\"https:\\\/\\\/ceramix.testmoixo.net\\\/wp-content\\\/uploads\\\/2025\\\/09\\\/logo-ceramix.png\",\"contentUrl\":\"https:\\\/\\\/ceramix.testmoixo.net\\\/wp-content\\\/uploads\\\/2025\\\/09\\\/logo-ceramix.png\",\"width\":1200,\"height\":336,\"caption\":\"Ceramix\"},\"image\":{\"@id\":\"https:\\\/\\\/ceramix.testmoixo.net\\\/ca\\\/#\\\/schema\\\/logo\\\/image\\\/\"},\"sameAs\":[\"https:\\\/\\\/www.facebook.com\\\/ceramix.sbd\",\"https:\\\/\\\/www.instagram.com\\\/ceramix.sbd\"]}]}<\/script>\n<!-- \/ Yoast SEO plugin. -->","yoast_head_json":{"title":"Tuca Beige - Ceramix","description":"Cat\u00e1logo y stocks de gres porcel\u00e1nico e interiorismo.","robots":{"index":"noindex","follow":"follow","max-snippet":"max-snippet:-1","max-image-preview":"max-image-preview:large","max-video-preview":"max-video-preview:-1"},"og_locale":"ca_ES","og_type":"article","og_title":"Tuca Beige - Ceramix","og_description":"Cat\u00e1logo y stocks de gres porcel\u00e1nico e interiorismo.","og_url":"https:\/\/ceramix.testmoixo.net\/ca\/producto\/tuca-beige\/","og_site_name":"Ceramix","article_publisher":"https:\/\/www.facebook.com\/ceramix.sbd","article_modified_time":"2026-03-04T16:52:53+00:00","og_image":[{"width":1920,"height":1072,"url":"https:\/\/ceramix.es\/wp-content\/uploads\/2026\/02\/ambiente-21-scaled.webp","type":"image\/webp"}],"twitter_card":"summary_large_image","schema":{"@context":"https:\/\/schema.org","@graph":[{"@type":"WebPage","@id":"https:\/\/ceramix.testmoixo.net\/ca\/producto\/tuca-beige\/","url":"https:\/\/ceramix.testmoixo.net\/ca\/producto\/tuca-beige\/","name":"Tuca Beige - Ceramix","isPartOf":{"@id":"https:\/\/ceramix.testmoixo.net\/ca\/#website"},"primaryImageOfPage":{"@id":"https:\/\/ceramix.testmoixo.net\/ca\/producto\/tuca-beige\/#primaryimage"},"image":{"@id":"https:\/\/ceramix.testmoixo.net\/ca\/producto\/tuca-beige\/#primaryimage"},"thumbnailUrl":"https:\/\/ceramix.testmoixo.net\/wp-content\/uploads\/2026\/02\/ambiente-21-scaled.webp","datePublished":"2026-02-04T18:51:52+00:00","dateModified":"2026-03-04T16:52:53+00:00","description":"Cat\u00e1logo y stocks de gres porcel\u00e1nico e interiorismo.","breadcrumb":{"@id":"https:\/\/ceramix.testmoixo.net\/ca\/producto\/tuca-beige\/#breadcrumb"},"inLanguage":"ca","potentialAction":[{"@type":"ReadAction","target":["https:\/\/ceramix.testmoixo.net\/ca\/producto\/tuca-beige\/"]}]},{"@type":"ImageObject","inLanguage":"ca","@id":"https:\/\/ceramix.testmoixo.net\/ca\/producto\/tuca-beige\/#primaryimage","url":"https:\/\/ceramix.testmoixo.net\/wp-content\/uploads\/2026\/02\/ambiente-21-scaled.webp","contentUrl":"https:\/\/ceramix.testmoixo.net\/wp-content\/uploads\/2026\/02\/ambiente-21-scaled.webp","width":1920,"height":1072},{"@type":"BreadcrumbList","@id":"https:\/\/ceramix.testmoixo.net\/ca\/producto\/tuca-beige\/#breadcrumb","itemListElement":[{"@type":"ListItem","position":1,"name":"Ceramix","item":"https:\/\/ceramix.es\/ca\/ceramix\/"},{"@type":"ListItem","position":2,"name":"Cat\u00e0leg de productes","item":"https:\/\/ceramix.es\/ca\/cataleg-de-productes\/"},{"@type":"ListItem","position":3,"name":"Tuca Beige"}]},{"@type":"WebSite","@id":"https:\/\/ceramix.testmoixo.net\/ca\/#website","url":"https:\/\/ceramix.testmoixo.net\/ca\/","name":"Ceramix","description":"Cat\u00e1logo y stocks de gres porcel\u00e1nico e interiorismo.","publisher":{"@id":"https:\/\/ceramix.testmoixo.net\/ca\/#organization"},"potentialAction":[{"@type":"SearchAction","target":{"@type":"EntryPoint","urlTemplate":"https:\/\/ceramix.testmoixo.net\/ca\/?s={search_term_string}"},"query-input":{"@type":"PropertyValueSpecification","valueRequired":true,"valueName":"search_term_string"}}],"inLanguage":"ca"},{"@type":"Organization","@id":"https:\/\/ceramix.testmoixo.net\/ca\/#organization","name":"Ceramix","url":"https:\/\/ceramix.testmoixo.net\/ca\/","logo":{"@type":"ImageObject","inLanguage":"ca","@id":"https:\/\/ceramix.testmoixo.net\/ca\/#\/schema\/logo\/image\/","url":"https:\/\/ceramix.testmoixo.net\/wp-content\/uploads\/2025\/09\/logo-ceramix.png","contentUrl":"https:\/\/ceramix.testmoixo.net\/wp-content\/uploads\/2025\/09\/logo-ceramix.png","width":1200,"height":336,"caption":"Ceramix"},"image":{"@id":"https:\/\/ceramix.testmoixo.net\/ca\/#\/schema\/logo\/image\/"},"sameAs":["https:\/\/www.facebook.com\/ceramix.sbd","https:\/\/www.instagram.com\/ceramix.sbd"]}]}},"_links":{"self":[{"href":"https:\/\/ceramix.testmoixo.net\/ca\/wp-json\/wp\/v2\/product\/2238","targetHints":{"allow":["GET"]}}],"collection":[{"href":"https:\/\/ceramix.testmoixo.net\/ca\/wp-json\/wp\/v2\/product"}],"about":[{"href":"https:\/\/ceramix.testmoixo.net\/ca\/wp-json\/wp\/v2\/types\/product"}],"replies":[{"embeddable":true,"href":"https:\/\/ceramix.testmoixo.net\/ca\/wp-json\/wp\/v2\/comments?post=2238"}],"wp:featuredmedia":[{"embeddable":true,"href":"https:\/\/ceramix.testmoixo.net\/ca\/wp-json\/wp\/v2\/media\/2235"}],"wp:attachment":[{"href":"https:\/\/ceramix.testmoixo.net\/ca\/wp-json\/wp\/v2\/media?parent=2238"}],"wp:term":[{"taxonomy":"product_brand","embeddable":true,"href":"https:\/\/ceramix.testmoixo.net\/ca\/wp-json\/wp\/v2\/product_brand?post=2238"},{"taxonomy":"product_cat","embeddable":true,"href":"https:\/\/ceramix.testmoixo.net\/ca\/wp-json\/wp\/v2\/product_cat?post=2238"},{"taxonomy":"product_tag","embeddable":true,"href":"https:\/\/ceramix.testmoixo.net\/ca\/wp-json\/wp\/v2\/product_tag?post=2238"},{"taxonomy":"estilo-visual","embeddable":true,"href":"https:\/\/ceramix.testmoixo.net\/ca\/wp-json\/wp\/v2\/estilo-visual?post=2238"},{"taxonomy":"coleccion","embeddable":true,"href":"https:\/\/ceramix.testmoixo.net\/ca\/wp-json\/wp\/v2\/coleccion?post=2238"},{"taxonomy":"material","embeddable":true,"href":"https:\/\/ceramix.testmoixo.net\/ca\/wp-json\/wp\/v2\/material?post=2238"},{"taxonomy":"formato","embeddable":true,"href":"https:\/\/ceramix.testmoixo.net\/ca\/wp-json\/wp\/v2\/formato?post=2238"},{"taxonomy":"rectificado","embeddable":true,"href":"https:\/\/ceramix.testmoixo.net\/ca\/wp-json\/wp\/v2\/rectificado?post=2238"},{"taxonomy":"antideslizante","embeddable":true,"href":"https:\/\/ceramix.testmoixo.net\/ca\/wp-json\/wp\/v2\/antideslizante?post=2238"},{"taxonomy":"calidad","embeddable":true,"href":"https:\/\/ceramix.testmoixo.net\/ca\/wp-json\/wp\/v2\/calidad?post=2238"},{"taxonomy":"uso","embeddable":true,"href":"https:\/\/ceramix.testmoixo.net\/ca\/wp-json\/wp\/v2\/uso?post=2238"},{"taxonomy":"color","embeddable":true,"href":"https:\/\/ceramix.testmoixo.net\/ca\/wp-json\/wp\/v2\/color?post=2238"},{"taxonomy":"clasificacion","embeddable":true,"href":"https:\/\/ceramix.testmoixo.net\/ca\/wp-json\/wp\/v2\/clasificacion?post=2238"},{"taxonomy":"acabado","embeddable":true,"href":"https:\/\/ceramix.testmoixo.net\/ca\/wp-json\/wp\/v2\/acabado?post=2238"},{"taxonomy":"etiqueta-destacada","embeddable":true,"href":"https:\/\/ceramix.testmoixo.net\/ca\/wp-json\/wp\/v2\/etiqueta-destacada?post=2238"}],"curies":[{"name":"wp","href":"https:\/\/api.w.org\/{rel}","templated":true}]}}